{"id":3442,"date":"2025-04-27T18:17:01","date_gmt":"2025-04-27T15:17:01","guid":{"rendered":"https:\/\/andrespohjala.com\/?post_type=product&#038;p=3442"},"modified":"2025-12-01T11:13:06","modified_gmt":"2025-12-01T09:13:06","slug":"kinkekaart-gongisundmus","status":"publish","type":"product","link":"https:\/\/andrespohjala.com\/en\/product\/kinkekaart-gongisundmus\/","title":{"rendered":"Kinkekaart: Gongis\u00fcndmus"},"content":{"rendered":"<p>Gongs are one of the oldest instruments created by mankind, having been used in ritual and healing in various cultures for over 5,000 years. Gongs are often made using different metals that have different vibrations and sound frequencies, helping to create a unique sound experience. The sounds of the gongs affect our brainwaves, helping us move from waking beta waves to calmer alpha wave states and on to deep theta wave meditative states. This process helps slow the heart and breathing rate and increases levels of melatonin, endorphins and dopamine, which are associated with feelings of calmness and clarity.<\/p>","protected":false},"excerpt":{"rendered":"<div class=\"\" data-block=\"true\" data-editor=\"4u28o\" data-offset-key=\"c8jtd-0-0\">\n<div class=\"_1mf _1mj\" data-offset-key=\"c8jtd-0-0\"><span data-offset-key=\"c8jtd-0-0\">\ud83e\udd70 Kingi kallile inimesele midagi v\u00e4ga erilist: gongis\u00fcndmus, mis toob kaasa selgust, l\u00f5\u00f5gastust, aitab tunda end kergema ja tasakaalukamana.<\/span><\/div>\n<\/div>\n<div class=\"\" data-block=\"true\" data-editor=\"4u28o\" data-offset-key=\"5424c-0-0\">\n<div class=\"_1mf _1mj\" data-offset-key=\"5424c-0-0\"><span data-offset-key=\"5424c-0-0\">S\u00fcndmustega saad tutvuda <a href=\"https:\/\/andrespohjala.com\/en\/sundmused\/\">siin.<\/a><br \/>\nKehtib kuni 35 \u20ac maksvale s\u00fcndmusele. Kaardi kehtivus 6 kuud.<\/span><\/div>\n<\/div>\n<p><em>After making the payment, a link will appear immediately to download the digital gift card and send it to the recipient.<\/em><br \/>\n<em>In addition, the link to download the gift card will also be sent to your email.<\/em><\/p>","protected":false},"featured_media":3809,"comment_status":"closed","ping_status":"closed","template":"","meta":{"om_disable_all_campaigns":false,"_monsterinsights_skip_tracking":false,"_monsterinsights_sitenote_active":false,"_monsterinsights_sitenote_note":"","_monsterinsights_sitenote_category":0,"_uf_show_specific_survey":0,"_uf_disable_surveys":false,"_EventAllDay":false,"_EventTimezone":"","_EventStartDate":"","_EventEndDate":"","_EventStartDateUTC":"","_EventEndDateUTC":"","_EventShowMap":false,"_EventShowMapLink":false,"_EventURL":"","_EventCost":"","_EventCostDescription":"","_EventCurrencySymbol":"","_EventCurrencyCode":"","_EventCurrencyPosition":"","_EventDateTimeSeparator":"","_EventTimeRangeSeparator":"","_EventOrganizerID":[],"_EventVenueID":[],"_OrganizerEmail":"","_OrganizerPhone":"","_OrganizerWebsite":"","_VenueAddress":"","_VenueCity":"","_VenueCountry":"","_VenueProvince":"","_VenueState":"","_VenueZip":"","_VenuePhone":"","_VenueURL":"","_VenueStateProvince":"","_VenueLat":"","_VenueLng":"","_VenueShowMap":false,"_VenueShowMapLink":false},"product_brand":[],"product_cat":[37],"product_tag":[],"class_list":{"0":"post-3442","1":"product","2":"type-product","3":"status-publish","4":"has-post-thumbnail","6":"product_cat-kinkekaart","8":"first","9":"instock","10":"downloadable","11":"virtual","12":"purchasable","13":"product-type-simple"},"_links":{"self":[{"href":"https:\/\/andrespohjala.com\/en\/wp-json\/wp\/v2\/product\/3442","targetHints":{"allow":["GET"]}}],"collection":[{"href":"https:\/\/andrespohjala.com\/en\/wp-json\/wp\/v2\/product"}],"about":[{"href":"https:\/\/andrespohjala.com\/en\/wp-json\/wp\/v2\/types\/product"}],"replies":[{"embeddable":true,"href":"https:\/\/andrespohjala.com\/en\/wp-json\/wp\/v2\/comments?post=3442"}],"wp:featuredmedia":[{"embeddable":true,"href":"https:\/\/andrespohjala.com\/en\/wp-json\/wp\/v2\/media\/3809"}],"wp:attachment":[{"href":"https:\/\/andrespohjala.com\/en\/wp-json\/wp\/v2\/media?parent=3442"}],"wp:term":[{"taxonomy":"product_brand","embeddable":true,"href":"https:\/\/andrespohjala.com\/en\/wp-json\/wp\/v2\/product_brand?post=3442"},{"taxonomy":"product_cat","embeddable":true,"href":"https:\/\/andrespohjala.com\/en\/wp-json\/wp\/v2\/product_cat?post=3442"},{"taxonomy":"product_tag","embeddable":true,"href":"https:\/\/andrespohjala.com\/en\/wp-json\/wp\/v2\/product_tag?post=3442"}],"curies":[{"name":"wp","href":"https:\/\/api.w.org\/{rel}","templated":true}]}}