{"id":2983,"date":"2024-12-06T17:48:08","date_gmt":"2024-12-06T15:48:08","guid":{"rendered":"https:\/\/andrespohjala.com\/?post_type=product&#038;p=2983"},"modified":"2025-12-01T11:13:38","modified_gmt":"2025-12-01T09:13:38","slug":"gongiseanss-kookonis","status":"publish","type":"product","link":"https:\/\/andrespohjala.com\/en\/product\/gongiseanss-kookonis\/","title":{"rendered":"Gongiseanss &#8220;kookonis&#8221;"},"content":{"rendered":"<p><strong>Pireti tagasiside gongiseansile &#8220;kookonis&#8221;:<\/strong><br \/>\n&#8220;Kookonis gongim\u00e4ngu kogeda oli minu jaoks t\u00e4iesti enneolematu kogemus. Kookon m\u00f5jus h\u00e4sti turvaliselt ning ma nautisin seda, et olin justkui t\u00e4iesti oma maailmas. T\u00e4nu sellele l\u00f5dvestusin kohe eriti s\u00fcgavalt ning gongihelid said mu sees nii palju enamat avada. Sain enda jaoks olulisi taipamisi ning Andrese turvalises kohalolus ning toetusel tunnistada tundeid, millele \u00fcksi poleks julgenud otsa vaadata. S\u00fcdamest t\u00e4nu!&#8221;<\/p>\n<p>Gongs are one of the oldest instruments created by mankind, having been used in ritual and healing in various cultures for over 5,000 years. Gongs are often made using different metals that have different vibrations and sound frequencies, helping to create a unique sound experience. The sounds of the gongs affect our brainwaves, helping us move from waking beta waves to calmer alpha wave states and on to deep theta wave meditative states. This process helps slow the heart and breathing rate and increases levels of melatonin, endorphins and dopamine, which are associated with feelings of calmness and clarity.<\/p>","protected":false},"excerpt":{"rendered":"<div class=\"\" data-block=\"true\" data-editor=\"4u28o\" data-offset-key=\"c8jtd-0-0\">\n<div class=\"_1mf _1mj\" data-offset-key=\"c8jtd-0-0\">\n<p><b>\ud83c\udf81 Kingi l\u00f5\u00f5gastus ja tervenemine \u2013 90-min gongiseanss \u201ckookonis\u201d! \ud83c\udfb6<\/b><\/p>\n<p><strong>Asukoht<\/strong>: TUUM Teraapiaruum, Liivalaia 11\/1-14, Tallinn<\/p>\n<p><span style=\"font-weight: 400;\">Kas otsid erilist kingitust, mis pakuks rahu ja uut hingamist? Gongiheli seanss \u201ckookonis\u201d on midagi enamat kui l\u00f5\u00f5gastus \u2013 see on s\u00fcgava hoituse ja turvatunde kogemus, mis avab s\u00fcdame ja toob ellu kerguse.<\/span><\/p>\n<p><span style=\"font-weight: 400;\">\u2728 <\/span><b>Miks valida gongiseanss kingituseks?<\/b><\/p>\n<ul>\n<li style=\"font-weight: 400;\" aria-level=\"1\"><b>Kosmiliste helide v\u00e4gi:<\/b><span style=\"font-weight: 400;\"> Naudi hetki, mis viivad Sind r\u00e4ndama sisemaailma ja avardavad arusaamist iseendast.<\/span><\/li>\n<li style=\"font-weight: 400;\" aria-level=\"1\"><b>N\u00e4rvis\u00fcsteemi rahunemine:<\/b><span style=\"font-weight: 400;\"> Tunned, kuidas stress kaob ja eluj\u00f5ud taastub.<\/span><\/li>\n<li style=\"font-weight: 400;\" aria-level=\"1\"><b>S\u00fcda avaneb:<\/b><span style=\"font-weight: 400;\"> Vabanemine ja elu jaatav olek t\u00e4idavad kogu Su olemuse.<\/span><\/li>\n<\/ul>\n<p><span style=\"font-weight: 400;\">\ud83c\udfa7 Seanss toimub hubases kookonis, kus tunned end hoituna ja kaitstuna \u2013 ideaalne keskkond t\u00e4ielikuks l\u00f5\u00f5gastumiseks.<\/span><\/p>\n<p><b>\ud83d\udc49 Kingi endale v\u00f5i kallile inimesele hetk vaikuses ja helides \u2013 avasta rahu ja tasakaalu j\u00f5ud.<\/b><\/p>\n<\/div>\n<div data-offset-key=\"c8jtd-0-0\"><\/div>\n<\/div>\n<div class=\"\" data-block=\"true\" data-editor=\"4u28o\" data-offset-key=\"5424c-0-0\">\n<div class=\"_1mf _1mj\" data-offset-key=\"5424c-0-0\">\n<p><span data-offset-key=\"5424c-0-0\">Kehtivus 3 kuud alates ostust. <span style=\"font-weight: 400;\">Broneeri aeg juba t\u00e4na kirjutades info@andrespohjala.com<\/span><\/span><\/p>\n<p>&nbsp;<\/p>\n<\/div>\n<\/div>\n<p><em>Makse teostamise j\u00e4rel ilmub kohe link, et digitaalne kaart alla laadida ja soovi korral saajale edastada.<\/em><br \/>\n<em>Lisaks tuleb kaardi allalaadimise link Sinu meilile.<\/em><\/p>","protected":false},"featured_media":3481,"comment_status":"closed","ping_status":"closed","template":"","meta":{"om_disable_all_campaigns":false,"_monsterinsights_skip_tracking":false,"_monsterinsights_sitenote_active":false,"_monsterinsights_sitenote_note":"","_monsterinsights_sitenote_category":0,"_uf_show_specific_survey":0,"_uf_disable_surveys":false,"_EventAllDay":false,"_EventTimezone":"","_EventStartDate":"","_EventEndDate":"","_EventStartDateUTC":"","_EventEndDateUTC":"","_EventShowMap":false,"_EventShowMapLink":false,"_EventURL":"","_EventCost":"","_EventCostDescription":"","_EventCurrencySymbol":"","_EventCurrencyCode":"","_EventCurrencyPosition":"","_EventDateTimeSeparator":"","_EventTimeRangeSeparator":"","_EventOrganizerID":[],"_EventVenueID":[],"_OrganizerEmail":"","_OrganizerPhone":"","_OrganizerWebsite":"","_VenueAddress":"","_VenueCity":"","_VenueCountry":"","_VenueProvince":"","_VenueState":"","_VenueZip":"","_VenuePhone":"","_VenueURL":"","_VenueStateProvince":"","_VenueLat":"","_VenueLng":"","_VenueShowMap":false,"_VenueShowMapLink":false},"product_brand":[],"product_cat":[37],"product_tag":[],"class_list":{"0":"post-2983","1":"product","2":"type-product","3":"status-publish","4":"has-post-thumbnail","6":"product_cat-kinkekaart","8":"first","9":"instock","10":"downloadable","11":"virtual","12":"purchasable","13":"product-type-simple"},"_links":{"self":[{"href":"https:\/\/andrespohjala.com\/en\/wp-json\/wp\/v2\/product\/2983","targetHints":{"allow":["GET"]}}],"collection":[{"href":"https:\/\/andrespohjala.com\/en\/wp-json\/wp\/v2\/product"}],"about":[{"href":"https:\/\/andrespohjala.com\/en\/wp-json\/wp\/v2\/types\/product"}],"replies":[{"embeddable":true,"href":"https:\/\/andrespohjala.com\/en\/wp-json\/wp\/v2\/comments?post=2983"}],"wp:featuredmedia":[{"embeddable":true,"href":"https:\/\/andrespohjala.com\/en\/wp-json\/wp\/v2\/media\/3481"}],"wp:attachment":[{"href":"https:\/\/andrespohjala.com\/en\/wp-json\/wp\/v2\/media?parent=2983"}],"wp:term":[{"taxonomy":"product_brand","embeddable":true,"href":"https:\/\/andrespohjala.com\/en\/wp-json\/wp\/v2\/product_brand?post=2983"},{"taxonomy":"product_cat","embeddable":true,"href":"https:\/\/andrespohjala.com\/en\/wp-json\/wp\/v2\/product_cat?post=2983"},{"taxonomy":"product_tag","embeddable":true,"href":"https:\/\/andrespohjala.com\/en\/wp-json\/wp\/v2\/product_tag?post=2983"}],"curies":[{"name":"wp","href":"https:\/\/api.w.org\/{rel}","templated":true}]}}