{"id":870,"date":"2024-01-03T13:24:57","date_gmt":"2024-01-03T13:24:57","guid":{"rendered":"https:\/\/andrespohjala.com\/?page_id=870"},"modified":"2024-02-04T17:36:01","modified_gmt":"2024-02-04T17:36:01","slug":"kaassoltuvus-tookohal","status":"publish","type":"page","link":"https:\/\/andrespohjala.com\/en\/koolitused\/kaassoltuvus-tookohal\/","title":{"rendered":"Codependency in the workplace"},"content":{"rendered":"<div data-elementor-type=\"wp-page\" data-elementor-id=\"870\" class=\"elementor elementor-870\" data-elementor-post-type=\"page\">\n\t\t\t\t<div class=\"elementor-element elementor-element-3a686ec1 e-flex e-con-boxed e-con e-parent\" data-id=\"3a686ec1\" data-element_type=\"container\" data-e-type=\"container\" data-settings=\"{&quot;background_background&quot;:&quot;classic&quot;}\">\n\t\t\t\t\t<div class=\"e-con-inner\">\n\t\t<div class=\"elementor-element elementor-element-32aee469 e-con-full e-flex e-con e-child\" data-id=\"32aee469\" data-element_type=\"container\" data-e-type=\"container\" data-settings=\"{&quot;background_background&quot;:&quot;classic&quot;}\">\n\t\t\t\t<div class=\"elementor-element elementor-element-d9ab436 elementor-widget elementor-widget-heading\" data-id=\"d9ab436\" data-element_type=\"widget\" data-e-type=\"widget\" data-widget_type=\"heading.default\">\n\t\t\t\t<div class=\"elementor-widget-container\">\n\t\t\t\t\t<h2 class=\"elementor-heading-title elementor-size-default\">Signs of codependency:<\/h2>\t\t\t\t<\/div>\n\t\t\t\t<\/div>\n\t\t\t\t<div class=\"elementor-element elementor-element-20c71cc9 elementor-widget elementor-widget-image-box\" data-id=\"20c71cc9\" data-element_type=\"widget\" data-e-type=\"widget\" data-widget_type=\"image-box.default\">\n\t\t\t\t<div class=\"elementor-widget-container\">\n\t\t\t\t\t<div class=\"elementor-image-box-wrapper\"><div class=\"elementor-image-box-content\"><h4 class=\"elementor-image-box-title\">Too much responsibility.<\/h4><p class=\"elementor-image-box-description\">Employees may take on more responsibility than necessary, being willing to help others even when it exceeds their own abilities and resources.<\/p><\/div><\/div>\t\t\t\t<\/div>\n\t\t\t\t<\/div>\n\t\t\t\t<div class=\"elementor-element elementor-element-65e14907 elementor-widget elementor-widget-image-box\" data-id=\"65e14907\" data-element_type=\"widget\" data-e-type=\"widget\" data-widget_type=\"image-box.default\">\n\t\t\t\t<div class=\"elementor-widget-container\">\n\t\t\t\t\t<div class=\"elementor-image-box-wrapper\"><div class=\"elementor-image-box-content\"><h4 class=\"elementor-image-box-title\">Difficulty saying &quot;no&quot;.<\/h4><p class=\"elementor-image-box-description\"> They may find themselves often accepting additional tasks, even when they already have enough work, because they fear disappointing or rejecting others.<\/p><\/div><\/div>\t\t\t\t<\/div>\n\t\t\t\t<\/div>\n\t\t\t\t<div class=\"elementor-element elementor-element-285a7877 elementor-widget elementor-widget-image-box\" data-id=\"285a7877\" data-element_type=\"widget\" data-e-type=\"widget\" data-widget_type=\"image-box.default\">\n\t\t\t\t<div class=\"elementor-widget-container\">\n\t\t\t\t\t<div class=\"elementor-image-box-wrapper\"><div class=\"elementor-image-box-content\"><h4 class=\"elementor-image-box-title\">Ignoring your own needs.<\/h4><p class=\"elementor-image-box-description\">Codependent workers may neglect their own physical and emotional well-being by focusing too much on the well-being of others.<\/p><\/div><\/div>\t\t\t\t<\/div>\n\t\t\t\t<\/div>\n\t\t\t\t<div class=\"elementor-element elementor-element-89c5732 elementor-widget elementor-widget-image-box\" data-id=\"89c5732\" data-element_type=\"widget\" data-e-type=\"widget\" data-widget_type=\"image-box.default\">\n\t\t\t\t<div class=\"elementor-widget-container\">\n\t\t\t\t\t<div class=\"elementor-image-box-wrapper\"><div class=\"elementor-image-box-content\"><h4 class=\"elementor-image-box-title\">Fear of conflict.<\/h4><p class=\"elementor-image-box-description\">They may avoid conflicts and difficulties with colleagues, even if it harms their own views or needs.<\/p><\/div><\/div>\t\t\t\t<\/div>\n\t\t\t\t<\/div>\n\t\t\t\t<div class=\"elementor-element elementor-element-e214a01 elementor-widget elementor-widget-image-box\" data-id=\"e214a01\" data-element_type=\"widget\" data-e-type=\"widget\" data-widget_type=\"image-box.default\">\n\t\t\t\t<div class=\"elementor-widget-container\">\n\t\t\t\t\t<div class=\"elementor-image-box-wrapper\"><div class=\"elementor-image-box-content\"><h4 class=\"elementor-image-box-title\">Waiting for recognition from the outside.<\/h4><p class=\"elementor-image-box-description\">Codependent people may expect recognition and approval for their actions from outside because their self-esteem is often dependent on the opinions of others.<\/p><\/div><\/div>\t\t\t\t<\/div>\n\t\t\t\t<\/div>\n\t\t\t\t<\/div>\n\t\t<div class=\"elementor-element elementor-element-1bca056b e-con-full e-flex e-con e-child\" data-id=\"1bca056b\" data-element_type=\"container\" data-e-type=\"container\">\n\t\t\t\t<div class=\"elementor-element elementor-element-05c95a4 elementor-widget elementor-widget-image\" data-id=\"05c95a4\" data-element_type=\"widget\" data-e-type=\"widget\" data-widget_type=\"image.default\">\n\t\t\t\t<div class=\"elementor-widget-container\">\n\t\t\t\t\t\t\t\t\t\t\t\t\t\t\t<img fetchpriority=\"high\" decoding=\"async\" width=\"800\" height=\"379\" src=\"https:\/\/andrespohjala.com\/wp-content\/uploads\/2023\/12\/326261059_741947017115079_266792853575597184_n-1024x485.jpg\" class=\"attachment-large size-large wp-image-607\" alt=\"\" srcset=\"https:\/\/andrespohjala.com\/wp-content\/uploads\/2023\/12\/326261059_741947017115079_266792853575597184_n-1024x485.jpg 1024w, https:\/\/andrespohjala.com\/wp-content\/uploads\/2023\/12\/326261059_741947017115079_266792853575597184_n-600x284.jpg 600w, https:\/\/andrespohjala.com\/wp-content\/uploads\/2023\/12\/326261059_741947017115079_266792853575597184_n-300x142.jpg 300w, https:\/\/andrespohjala.com\/wp-content\/uploads\/2023\/12\/326261059_741947017115079_266792853575597184_n-768x364.jpg 768w, https:\/\/andrespohjala.com\/wp-content\/uploads\/2023\/12\/326261059_741947017115079_266792853575597184_n.jpg 1352w\" sizes=\"(max-width: 800px) 100vw, 800px\" \/>\t\t\t\t\t\t\t\t\t\t\t\t\t\t\t<\/div>\n\t\t\t\t<\/div>\n\t\t\t\t<div class=\"elementor-element elementor-element-42dfc985 elementor-widget elementor-widget-heading\" data-id=\"42dfc985\" data-element_type=\"widget\" data-e-type=\"widget\" data-widget_type=\"heading.default\">\n\t\t\t\t<div class=\"elementor-widget-container\">\n\t\t\t\t\t<h2 class=\"elementor-heading-title elementor-size-default\">Codependency in the workplace<\/h2>\t\t\t\t<\/div>\n\t\t\t\t<\/div>\n\t\t\t\t<div class=\"elementor-element elementor-element-27f2fe97 elementor-widget elementor-widget-text-editor\" data-id=\"27f2fe97\" data-element_type=\"widget\" data-e-type=\"widget\" data-widget_type=\"text-editor.default\">\n\t\t\t\t<div class=\"elementor-widget-container\">\n\t\t\t\t\t\t\t\t\tCodependency in the workplace can lead to long-term stress, emotional exhaustion and personal burnout. Therefore, it is important that employees learn to set boundaries, maintain a balance between work and personal life, and recognize their own needs and well-being.\t\t\t\t\t\t\t\t<\/div>\n\t\t\t\t<\/div>\n\t\t\t\t<\/div>\n\t\t\t\t\t<\/div>\n\t\t\t\t<\/div>\n\t\t\t\t<\/div>","protected":false},"excerpt":{"rendered":"<p>Kaass\u00f5ltuvuse tunnused: \u00dclem\u00e4\u00e4ra suur vastutus. T\u00f6\u00f6tajad v\u00f5ivad endale v\u00f5tta rohkem vastutust kui vajalik, olles valmis aitama teisi isegi siis, kui see \u00fcletab nende enda v\u00f5imeid ja ressursse. Raskus \u00f6elda &#8220;ei&#8221;. [&hellip;]<\/p>\n","protected":false},"author":1,"featured_media":0,"parent":133,"menu_order":0,"comment_status":"closed","ping_status":"closed","template":"elementor_header_footer","meta":{"om_disable_all_campaigns":false,"_monsterinsights_skip_tracking":false,"_monsterinsights_sitenote_active":false,"_monsterinsights_sitenote_note":"","_monsterinsights_sitenote_category":0,"_uf_show_specific_survey":0,"_uf_disable_surveys":false,"_EventAllDay":false,"_EventTimezone":"","_EventStartDate":"","_EventEndDate":"","_EventStartDateUTC":"","_EventEndDateUTC":"","_EventShowMap":false,"_EventShowMapLink":false,"_EventURL":"","_EventCost":"","_EventCostDescription":"","_EventCurrencySymbol":"","_EventCurrencyCode":"","_EventCurrencyPosition":"","_EventDateTimeSeparator":"","_EventTimeRangeSeparator":"","_EventOrganizerID":[],"_EventVenueID":[],"_OrganizerEmail":"","_OrganizerPhone":"","_OrganizerWebsite":"","_VenueAddress":"","_VenueCity":"","_VenueCountry":"","_VenueProvince":"","_VenueState":"","_VenueZip":"","_VenuePhone":"","_VenueURL":"","_VenueStateProvince":"","_VenueLat":"","_VenueLng":"","_VenueShowMap":false,"_VenueShowMapLink":false,"footnotes":""},"class_list":["post-870","page","type-page","status-publish","hentry"],"_links":{"self":[{"href":"https:\/\/andrespohjala.com\/en\/wp-json\/wp\/v2\/pages\/870","targetHints":{"allow":["GET"]}}],"collection":[{"href":"https:\/\/andrespohjala.com\/en\/wp-json\/wp\/v2\/pages"}],"about":[{"href":"https:\/\/andrespohjala.com\/en\/wp-json\/wp\/v2\/types\/page"}],"author":[{"embeddable":true,"href":"https:\/\/andrespohjala.com\/en\/wp-json\/wp\/v2\/users\/1"}],"replies":[{"embeddable":true,"href":"https:\/\/andrespohjala.com\/en\/wp-json\/wp\/v2\/comments?post=870"}],"version-history":[{"count":0,"href":"https:\/\/andrespohjala.com\/en\/wp-json\/wp\/v2\/pages\/870\/revisions"}],"up":[{"embeddable":true,"href":"https:\/\/andrespohjala.com\/en\/wp-json\/wp\/v2\/pages\/133"}],"wp:attachment":[{"href":"https:\/\/andrespohjala.com\/en\/wp-json\/wp\/v2\/media?parent=870"}],"curies":[{"name":"wp","href":"https:\/\/api.w.org\/{rel}","templated":true}]}}