{"id":1359,"date":"2024-02-05T10:25:36","date_gmt":"2024-02-05T10:25:36","guid":{"rendered":"https:\/\/andrespohjala.com\/?page_id=1359"},"modified":"2025-05-11T17:01:31","modified_gmt":"2025-05-11T14:01:31","slug":"gongiteraapia","status":"publish","type":"page","link":"https:\/\/andrespohjala.com\/en\/teraapiad\/gongiteraapia\/","title":{"rendered":"Gong therapy"},"content":{"rendered":"<div data-elementor-type=\"wp-page\" data-elementor-id=\"1359\" class=\"elementor elementor-1359\" data-elementor-post-type=\"page\">\n\t\t\t\t<div class=\"elementor-element elementor-element-4fa0df8 e-flex e-con-boxed e-con e-parent\" data-id=\"4fa0df8\" data-element_type=\"container\" data-e-type=\"container\" data-settings=\"{&quot;background_background&quot;:&quot;classic&quot;}\">\n\t\t\t\t\t<div class=\"e-con-inner\">\n\t\t<div class=\"elementor-element elementor-element-12ce8b6 e-con-full e-flex e-con e-child\" data-id=\"12ce8b6\" data-element_type=\"container\" data-e-type=\"container\" data-settings=\"{&quot;background_background&quot;:&quot;classic&quot;}\">\n\t\t\t\t<div class=\"elementor-element elementor-element-6792a47 elementor-widget elementor-widget-image-box\" data-id=\"6792a47\" data-element_type=\"widget\" data-e-type=\"widget\" data-widget_type=\"image-box.default\">\n\t\t\t\t<div class=\"elementor-widget-container\">\n\t\t\t\t\t<div class=\"elementor-image-box-wrapper\"><div class=\"elementor-image-box-content\"><h4 class=\"elementor-image-box-title\">Session<\/h4><p class=\"elementor-image-box-description\">During a gong therapy session, a person usually lies comfortably and simply lets the sounds of the gongs surround him. The session usually lasts 1.5h - 2.5h. Before the sound journey, there is a conversation, looking at the presented problem, which can be a physical ailment, emotional tension or some other inescapable situation in life. <\/p><\/div><\/div>\t\t\t\t<\/div>\n\t\t\t\t<\/div>\n\t\t\t\t<div class=\"elementor-element elementor-element-9af367d elementor-widget elementor-widget-image-box\" data-id=\"9af367d\" data-element_type=\"widget\" data-e-type=\"widget\" data-widget_type=\"image-box.default\">\n\t\t\t\t<div class=\"elementor-widget-container\">\n\t\t\t\t\t<div class=\"elementor-image-box-wrapper\"><div class=\"elementor-image-box-content\"><h4 class=\"elementor-image-box-title\">A combination of gongs and a psychological approach<\/h4><p class=\"elementor-image-box-description\">The use of gongs is an effective tool because it allows us to better connect with the body and feeling level through altered states of consciousness. Gongs create extraordinary sounds, penetrate deep into the level of human feelings, creating deep experiences. In gong therapy, one can also experience a connection with the subconscious. With a psychological approach, we can interpret these experiences and bring this knowledge to practical use in everyday life. <br><br>The use of gongs is a very effective tool both in individual therapy and in groups. Gongs create sounds that penetrate deep into a person&#039;s being, bringing out emotional, mental, and psychological blockages. Which allows you to observe them, understand their deeper nature and dissolve them.<br><br>All in all, gong therapy offers a unique and effective way to relieve stress, relax, promote overall well-being, and balance the mind. Gong together with psychotherapy offers a holistic approach that helps a person develop a deeper self-awareness, which is the foundation of self-development. <br><br>At the same time, the whole experience can be very relaxing and calming.<\/p><\/div><\/div>\t\t\t\t<\/div>\n\t\t\t\t<\/div>\n\t\t\t\t<div class=\"elementor-element elementor-element-3ee141f elementor-widget elementor-widget-image-box\" data-id=\"3ee141f\" data-element_type=\"widget\" data-e-type=\"widget\" data-widget_type=\"image-box.default\">\n\t\t\t\t<div class=\"elementor-widget-container\">\n\t\t\t\t\t<div class=\"elementor-image-box-wrapper\"><div class=\"elementor-image-box-content\"><h4 class=\"elementor-image-box-title\">Suitability<\/h4><p class=\"elementor-image-box-description\">Gong therapy sessions are perfect for those who want to release their tension, stress, anxiety and other tensions and don&#039;t necessarily want to talk about their problems. The vibration of the gong is one of the few instruments that can penetrate our nervous system, creating changes in consciousness and allowing the removal of blockages on both a physical and emotional level. During gong therapy sessions, the client not only hears the gong, but also feels the vibrations of the gong. It leads quite effortlessly into meditative states.<br><br>Sound therapy may not be suitable for hearing disorders, sound stress (misogyny) or psychiatric diagnoses such as psychosis and schizophrenia.<\/p><\/div><\/div>\t\t\t\t<\/div>\n\t\t\t\t<\/div>\n\t\t\t\t<\/div>\n\t\t<div class=\"elementor-element elementor-element-45f2ad7 e-con-full e-flex e-con e-child\" data-id=\"45f2ad7\" data-element_type=\"container\" data-e-type=\"container\">\n\t\t\t\t<div class=\"elementor-element elementor-element-3254a69 elementor-widget elementor-widget-video\" data-id=\"3254a69\" data-element_type=\"widget\" data-e-type=\"widget\" data-settings=\"{&quot;youtube_url&quot;:&quot;https:\\\/\\\/youtu.be\\\/6PkFuYbzSgA?si=6x-IpPQ4PHK4PvpW&quot;,&quot;autoplay&quot;:&quot;yes&quot;,&quot;play_on_mobile&quot;:&quot;yes&quot;,&quot;loop&quot;:&quot;yes&quot;,&quot;lazy_load&quot;:&quot;yes&quot;,&quot;show_image_overlay&quot;:&quot;yes&quot;,&quot;image_overlay&quot;:{&quot;url&quot;:&quot;https:\\\/\\\/andrespohjala.com\\\/wp-content\\\/uploads\\\/2024\\\/06\\\/107fotograafJaneVogt20240406JPF00213-scaled.jpg&quot;,&quot;id&quot;:2116,&quot;size&quot;:&quot;&quot;,&quot;alt&quot;:&quot;&quot;,&quot;source&quot;:&quot;library&quot;},&quot;video_type&quot;:&quot;youtube&quot;,&quot;controls&quot;:&quot;yes&quot;}\" data-widget_type=\"video.default\">\n\t\t\t\t<div class=\"elementor-widget-container\">\n\t\t\t\t\t\t\t<div class=\"elementor-wrapper elementor-open-inline\">\n\t\t\t<div class=\"elementor-video\"><\/div>\t\t\t\t<div class=\"elementor-custom-embed-image-overlay\" style=\"background-image: url(https:\/\/andrespohjala.com\/wp-content\/uploads\/2024\/06\/107fotograafJaneVogt20240406JPF00213-scaled.jpg);\">\n\t\t\t\t\t\t\t\t\t\t\t\t\t\t\t\t<div class=\"elementor-custom-embed-play\" role=\"button\" aria-label=\"Play video\" tabindex=\"0\">\n\t\t\t\t\t\t\t<svg aria-hidden=\"true\" class=\"e-font-icon-svg e-eicon-play\" viewbox=\"0 0 1000 1000\" xmlns=\"http:\/\/www.w3.org\/2000\/svg\"><path d=\"M838 162C746 71 633 25 500 25 371 25 258 71 163 162 71 254 25 367 25 500 25 633 71 746 163 837 254 929 367 979 500 979 633 979 746 933 838 837 929 746 975 633 975 500 975 367 929 254 838 162M808 192C892 279 933 379 933 500 933 621 892 725 808 808 725 892 621 938 500 938 379 938 279 896 196 808 113 725 67 621 67 500 67 379 108 279 196 192 279 108 383 62 500 62 621 62 721 108 808 192M438 392V642L642 517 438 392Z\"><\/path><\/svg>\t\t\t\t\t\t<\/div>\n\t\t\t\t\t\t\t\t\t<\/div>\n\t\t\t\t\t<\/div>\n\t\t\t\t\t\t<\/div>\n\t\t\t\t<\/div>\n\t\t\t\t<div class=\"elementor-element elementor-element-a8a3c1e elementor-widget elementor-widget-heading\" data-id=\"a8a3c1e\" data-element_type=\"widget\" data-e-type=\"widget\" data-widget_type=\"heading.default\">\n\t\t\t\t<div class=\"elementor-widget-container\">\n\t\t\t\t\t<h2 class=\"elementor-heading-title elementor-size-default\">Gong therapy<\/h2>\t\t\t\t<\/div>\n\t\t\t\t<\/div>\n\t\t\t\t<div class=\"elementor-element elementor-element-90d4ae4 elementor-widget elementor-widget-text-editor\" data-id=\"90d4ae4\" data-element_type=\"widget\" data-e-type=\"widget\" data-widget_type=\"text-editor.default\">\n\t\t\t\t<div class=\"elementor-widget-container\">\n\t\t\t\t\t\t\t\t\t<p>In the field of sound therapy, I specialize in gong therapy, as I am a trained hypnotherapist, and the work with gongs is also largely at the subconscious level. My goal is to help heal your physical and mental state through gongs and a psychological approach.\u00a0<\/p><p><span style=\"letter-spacing: 0px; text-align: var(--text-align);\">Gong therapy is an ancient practice that uses sound\u00a0<\/span><span style=\"letter-spacing: 0px; text-align: var(--text-align);\">vibration and\u00a0<\/span><span style=\"letter-spacing: 0px; text-align: var(--text-align);\">the healing effect of resonance.<\/span><\/p><p><span style=\"letter-spacing: 0px; text-align: var(--text-align);\">I also use other musical instruments during the session.\u00a0<\/span><\/p>\t\t\t\t\t\t\t\t<\/div>\n\t\t\t\t<\/div>\n\t\t\t\t<\/div>\n\t\t\t\t\t<\/div>\n\t\t\t\t<\/div>\n\t\t<div class=\"elementor-element elementor-element-b8b5cbf e-flex e-con-boxed e-con e-parent\" data-id=\"b8b5cbf\" data-element_type=\"container\" data-e-type=\"container\">\n\t\t\t\t\t<div class=\"e-con-inner\">\n\t\t\t\t<div class=\"elementor-element elementor-element-7518ff9 elementor-widget elementor-widget-heading\" data-id=\"7518ff9\" data-element_type=\"widget\" data-e-type=\"widget\" data-widget_type=\"heading.default\">\n\t\t\t\t<div class=\"elementor-widget-container\">\n\t\t\t\t\t<h2 class=\"elementor-heading-title elementor-size-default\">Price list<\/h2>\t\t\t\t<\/div>\n\t\t\t\t<\/div>\n\t\t\t\t<div class=\"elementor-element elementor-element-2a96179 elementor-widget elementor-widget-price-list\" data-id=\"2a96179\" data-element_type=\"widget\" data-e-type=\"widget\" data-widget_type=\"price-list.default\">\n\t\t\t\t<div class=\"elementor-widget-container\">\n\t\t\t\t\t\n\t\t<ul class=\"elementor-price-list\">\n\n\t\t\t\t\t\t\t\t\t<li><a class=\"elementor-price-list-item\" href=\"#\">\t\t\t\t\n\t\t\t\t<div class=\"elementor-price-list-text\">\n\t\t\t\t\t\t\t\t\t<div class=\"elementor-price-list-header\">\n\t\t\t\t\t\t\t\t\t\t\t<span class=\"elementor-price-list-title\">\n\t\t\t\t\t\t\tGong journey\t\t\t\t\t\t<\/span>\n\t\t\t\t\t\t\t\t\t\t\t\t\t\t\t\t\t\t<span class=\"elementor-price-list-separator\"><\/span>\n\t\t\t\t\t\t\t\t\t\t\t\t\t\t\t\t\t\t\t<span class=\"elementor-price-list-price\">120\u20ac<\/span>\n\t\t\t\t\t\t\t\t\t\t<\/div>\n\t\t\t\t\t\t\t\t\t\t\t\t\t\t\t<p class=\"elementor-price-list-description\">\n\t\t\t\t\t\t\tIndividuaalne helir\u00e4nnak, mille j\u00e4rel arutleme l\u00fchidalt r\u00e4nnaku ajal toimunud kogemuse \u00fcle ja p\u00fc\u00fcame kogetu lahti m\u00f5testada. Ca. 90min.\t\t\t\t\t\t<\/p>\n\t\t\t\t\t\t\t\t<\/div>\n\t\t\t\t<\/a><\/li>\t\t\t\t\t\t\t\t\t\t\t\t<li><a class=\"elementor-price-list-item\" href=\"https:\/\/andrespohjala.com\/en\/product\/gongiseanss-kookonis\/\">\t\t\t\t\n\t\t\t\t<div class=\"elementor-price-list-text\">\n\t\t\t\t\t\t\t\t\t<div class=\"elementor-price-list-header\">\n\t\t\t\t\t\t\t\t\t\t\t<span class=\"elementor-price-list-title\">\n\t\t\t\t\t\t\tGongiseanss \u201ckookonis\u201d\t\t\t\t\t\t<\/span>\n\t\t\t\t\t\t\t\t\t\t\t\t\t\t\t\t\t\t<span class=\"elementor-price-list-separator\"><\/span>\n\t\t\t\t\t\t\t\t\t\t\t\t\t\t\t\t\t\t\t<span class=\"elementor-price-list-price\">120\u20ac<\/span>\n\t\t\t\t\t\t\t\t\t\t<\/div>\n\t\t\t\t\t\t\t\t\t\t\t\t\t\t\t<p class=\"elementor-price-list-description\">\n\t\t\t\t\t\t\tKas otsid erilist kingitust, mis pakuks rahu ja uut hingamist? Gongiheli seanss \u201ckookonis\u201d on midagi enamat kui l\u00f5\u00f5gastus \u2013 see on s\u00fcgava hoituse ja turvatunde kogemus, mis avab s\u00fcdame ja toob ellu kerguse. Ca. 90min.\t\t\t\t\t\t<\/p>\n\t\t\t\t\t\t\t\t<\/div>\n\t\t\t\t<\/a><\/li>\t\t\t\t\t\t\t\t\t\t\t\t<li><a class=\"elementor-price-list-item\" href=\"#\">\t\t\t\t\n\t\t\t\t<div class=\"elementor-price-list-text\">\n\t\t\t\t\t\t\t\t\t<div class=\"elementor-price-list-header\">\n\t\t\t\t\t\t\t\t\t\t\t<span class=\"elementor-price-list-title\">\n\t\t\t\t\t\t\tGong therapy\t\t\t\t\t\t<\/span>\n\t\t\t\t\t\t\t\t\t\t\t\t\t\t\t\t\t\t<span class=\"elementor-price-list-separator\"><\/span>\n\t\t\t\t\t\t\t\t\t\t\t\t\t\t\t\t\t\t\t<span class=\"elementor-price-list-price\">175\u20ac<\/span>\n\t\t\t\t\t\t\t\t\t\t<\/div>\n\t\t\t\t\t\t\t\t\t\t\t\t\t\t\t<p class=\"elementor-price-list-description\">\n\t\t\t\t\t\t\tThe duration of an individual meeting should be 2-2.5 hours\n<br>\nIn the first part of the meeting, we identify patterns, explore the root causes of problems and symptoms.\n<br>\nThis is followed by an audio journey for 1 hour and then we discuss the experience during the journey and try to decipher what we experienced.\t\t\t\t\t\t<\/p>\n\t\t\t\t\t\t\t\t<\/div>\n\t\t\t\t<\/a><\/li>\t\t\t\t\t\t\t\t\t\t\t\t<li><a class=\"elementor-price-list-item\" href=\"#\">\t\t\t\t\n\t\t\t\t<div class=\"elementor-price-list-text\">\n\t\t\t\t\t\t\t\t\t<div class=\"elementor-price-list-header\">\n\t\t\t\t\t\t\t\t\t\t\t<span class=\"elementor-price-list-title\">\n\t\t\t\t\t\t\tGroup gong event\t\t\t\t\t\t<\/span>\n\t\t\t\t\t\t\t\t\t\t\t\t\t\t\t\t\t\t<span class=\"elementor-price-list-separator\"><\/span>\n\t\t\t\t\t\t\t\t\t\t\t\t\t\t\t\t\t\t\t<span class=\"elementor-price-list-price\">350\u20ac<\/span>\n\t\t\t\t\t\t\t\t\t\t<\/div>\n\t\t\t\t\t\t\t\t\t\t\t\t\t\t\t<p class=\"elementor-price-list-description\">\n\t\t\t\t\t\t\tWould you like to experience the gong journey in private with your dear friends or colleagues? <br>2,5-tunnine gongikontsert on saadaval: Tallinna piires kohaletulemisega v\u00f5i \u00dcks Majas N\u00f5mmel (+100\u20ac).<br>In gong therapy, it is possible to get relief from physical ailments as well as deep insights and clarity about all kinds of other challenges in life. \n<br>\n\n\nGong tours can be ordered for a birthday or a company party or joint meeting. For kindergartens and schools.\t\t\t\t\t\t<\/p>\n\t\t\t\t\t\t\t\t<\/div>\n\t\t\t\t<\/a><\/li>\t\t\t\t\t\n\t\t<\/ul>\n\n\t\t\t\t\t\t<\/div>\n\t\t\t\t<\/div>\n\t\t\t\t\t<\/div>\n\t\t\t\t<\/div>\n\t\t<div class=\"elementor-element elementor-element-97c877e e-flex e-con-boxed e-con e-parent\" data-id=\"97c877e\" data-element_type=\"container\" data-e-type=\"container\">\n\t\t\t\t\t<div class=\"e-con-inner\">\n\t\t\t\t<div class=\"elementor-element elementor-element-00a0633 elementor-widget elementor-widget-heading\" data-id=\"00a0633\" data-element_type=\"widget\" data-e-type=\"widget\" data-widget_type=\"heading.default\">\n\t\t\t\t<div class=\"elementor-widget-container\">\n\t\t\t\t\t<h2 class=\"elementor-heading-title elementor-size-default\">Courses<\/h2>\t\t\t\t<\/div>\n\t\t\t\t<\/div>\n\t\t\t\t<div class=\"elementor-element elementor-element-567f168 elementor-widget elementor-widget-image\" data-id=\"567f168\" data-element_type=\"widget\" data-e-type=\"widget\" data-widget_type=\"image.default\">\n\t\t\t\t<div class=\"elementor-widget-container\">\n\t\t\t\t\t\t\t\t\t\t\t\t\t\t\t<img fetchpriority=\"high\" decoding=\"async\" width=\"800\" height=\"566\" src=\"https:\/\/andrespohjala.com\/wp-content\/uploads\/2024\/07\/Screenshot-2024-07-10-at-11.01.20-1024x725.png\" class=\"attachment-large size-large wp-image-2377\" alt=\"\" srcset=\"https:\/\/andrespohjala.com\/wp-content\/uploads\/2024\/07\/Screenshot-2024-07-10-at-11.01.20-1024x725.png 1024w, https:\/\/andrespohjala.com\/wp-content\/uploads\/2024\/07\/Screenshot-2024-07-10-at-11.01.20-300x212.png 300w, https:\/\/andrespohjala.com\/wp-content\/uploads\/2024\/07\/Screenshot-2024-07-10-at-11.01.20-768x544.png 768w, https:\/\/andrespohjala.com\/wp-content\/uploads\/2024\/07\/Screenshot-2024-07-10-at-11.01.20-1536x1087.png 1536w, https:\/\/andrespohjala.com\/wp-content\/uploads\/2024\/07\/Screenshot-2024-07-10-at-11.01.20-1320x934.png 1320w, https:\/\/andrespohjala.com\/wp-content\/uploads\/2024\/07\/Screenshot-2024-07-10-at-11.01.20-600x425.png 600w, https:\/\/andrespohjala.com\/wp-content\/uploads\/2024\/07\/Screenshot-2024-07-10-at-11.01.20.png 1568w\" sizes=\"(max-width: 800px) 100vw, 800px\" \/>\t\t\t\t\t\t\t\t\t\t\t\t\t\t\t<\/div>\n\t\t\t\t<\/div>\n\t\t\t\t\t<\/div>\n\t\t\t\t<\/div>\n\t\t<div class=\"elementor-element elementor-element-98fee52 e-flex e-con-boxed e-con e-parent\" data-id=\"98fee52\" data-element_type=\"container\" data-e-type=\"container\" data-settings=\"{&quot;background_background&quot;:&quot;classic&quot;}\">\n\t\t\t\t\t<div class=\"e-con-inner\">\n\t\t<div class=\"elementor-element elementor-element-c0b653e e-flex e-con-boxed e-con e-child\" data-id=\"c0b653e\" data-element_type=\"container\" data-e-type=\"container\">\n\t\t\t\t\t<div class=\"e-con-inner\">\n\t\t\t\t<div class=\"elementor-element elementor-element-89ab057 elementor-widget elementor-widget-heading\" data-id=\"89ab057\" data-element_type=\"widget\" data-e-type=\"widget\" data-widget_type=\"heading.default\">\n\t\t\t\t<div class=\"elementor-widget-container\">\n\t\t\t\t\t<h2 class=\"elementor-heading-title elementor-size-default\">More about gongs<\/h2>\t\t\t\t<\/div>\n\t\t\t\t<\/div>\n\t\t\t\t<div class=\"elementor-element elementor-element-7b7e93e elementor-widget elementor-widget-text-editor\" data-id=\"7b7e93e\" data-element_type=\"widget\" data-e-type=\"widget\" data-widget_type=\"text-editor.default\">\n\t\t\t\t<div class=\"elementor-widget-container\">\n\t\t\t\t\t\t\t\t\t<p><b>Historical and cultural background of gongs<\/b><br \/>Gongs are one of the oldest instruments created by mankind, having been used for over 5,000 years in rituals and healing in various cultures. Gongs are often made from different metals that have different vibrations and sound frequencies, helping to create a unique sound experience. The sounds of the gongs affect our brain waves, helping us to move from waking beta waves to calmer alpha wave states and on to deep theta wave meditative states. This process helps slow the heart and breathing rate and increases melatonin, endorphin and dopamine levels, which are associated with feelings of calmness and clarity.<\/p><p><b>Effects of Gongs on Brain Waves<\/b><\/p><p>Scientific studies have shown that sound therapy, especially the use of gongs, can relieve stress, anxiety and improve sleep. Sound vibrations affect the cells and organs of our body, helping them to restore their optimal vibrational frequencies. This is important because stress, depression and illness can cause changes in the vibrational frequency of cells.<\/p><p><b>Scientific evidence for the benefits of gong therapy<\/b><\/p><p>In addition, sound therapy is effective in promoting neuroplasticity, which is the brain&#039;s ability to change and develop its structures and functions. This is especially important in the treatment of trauma and PTSD, where sound therapy helps create new, healthy neuroconnections, helping people recover from trauma and release intense emotions.<\/p><p>The effect of sound therapy on the body is also related to the so-called piezoelectric effect, where sound vibrations generate electrical impulses in the body&#039;s tissues, thereby contributing to cell renewal and healing. This process is important in alleviating various physical ailments such as chronic pain and muscle tension.<\/p><p><b>Gong sounds<\/b> versatility allows them to create different energies, sounds and vibrations that work in synergy to create endless possibilities. When played gently and slowly, the gongs create soothing and healing sounds and overtones that help you simply slip into deep states of consciousness. When played more energetically, the gongs create sounds that are invigorating and awakening, yet still allow for deep contemplation and relaxation. When played more strongly, gongs can create powerful sounds that affect a person&#039;s deeper physical, mental, emotional and spiritual issues and blockages.<\/p>\t\t\t\t\t\t\t\t<\/div>\n\t\t\t\t<\/div>\n\t\t\t\t<div class=\"elementor-element elementor-element-151ccb5 elementor-widget elementor-widget-image\" data-id=\"151ccb5\" data-element_type=\"widget\" data-e-type=\"widget\" data-widget_type=\"image.default\">\n\t\t\t\t<div class=\"elementor-widget-container\">\n\t\t\t\t\t\t\t\t\t\t\t\t\t\t\t<img decoding=\"async\" width=\"2048\" height=\"1366\" src=\"https:\/\/andrespohjala.com\/wp-content\/uploads\/2024\/02\/Gongiteraapia-Andres-Pohjala.jpg\" class=\"attachment-full size-full wp-image-1388\" alt=\"\" srcset=\"https:\/\/andrespohjala.com\/wp-content\/uploads\/2024\/02\/Gongiteraapia-Andres-Pohjala.jpg 2048w, https:\/\/andrespohjala.com\/wp-content\/uploads\/2024\/02\/Gongiteraapia-Andres-Pohjala-600x400.jpg 600w, https:\/\/andrespohjala.com\/wp-content\/uploads\/2024\/02\/Gongiteraapia-Andres-Pohjala-300x200.jpg 300w, https:\/\/andrespohjala.com\/wp-content\/uploads\/2024\/02\/Gongiteraapia-Andres-Pohjala-1024x683.jpg 1024w, https:\/\/andrespohjala.com\/wp-content\/uploads\/2024\/02\/Gongiteraapia-Andres-Pohjala-768x512.jpg 768w, https:\/\/andrespohjala.com\/wp-content\/uploads\/2024\/02\/Gongiteraapia-Andres-Pohjala-1536x1025.jpg 1536w\" sizes=\"(max-width: 2048px) 100vw, 2048px\" \/>\t\t\t\t\t\t\t\t\t\t\t\t\t\t\t<\/div>\n\t\t\t\t<\/div>\n\t\t\t\t\t<\/div>\n\t\t\t\t<\/div>\n\t\t\t\t\t<\/div>\n\t\t\t\t<\/div>\n\t\t\t\t<\/div>","protected":false},"excerpt":{"rendered":"<p>Seanss Gongiteraapia seansil inimene enamasti lamab mugavalt ja laseb gongide helidel end lihtsalt \u00fcmbritseda. Seanss kestab tavaliselt 1,5h &#8211; 2,5h. Enne heli r\u00e4nnakut on vestlus, vaadeldes esitletavat probleemi, milleks v\u00f5ib [&hellip;]<\/p>\n","protected":false},"author":1,"featured_media":0,"parent":16,"menu_order":1,"comment_status":"closed","ping_status":"closed","template":"elementor_header_footer","meta":{"om_disable_all_campaigns":false,"_monsterinsights_skip_tracking":false,"_monsterinsights_sitenote_active":false,"_monsterinsights_sitenote_note":"","_monsterinsights_sitenote_category":0,"_uf_show_specific_survey":0,"_uf_disable_surveys":false,"_EventAllDay":false,"_EventTimezone":"","_EventStartDate":"","_EventEndDate":"","_EventStartDateUTC":"","_EventEndDateUTC":"","_EventShowMap":false,"_EventShowMapLink":false,"_EventURL":"","_EventCost":"","_EventCostDescription":"","_EventCurrencySymbol":"","_EventCurrencyCode":"","_EventCurrencyPosition":"","_EventDateTimeSeparator":"","_EventTimeRangeSeparator":"","_EventOrganizerID":[],"_EventVenueID":[],"_OrganizerEmail":"","_OrganizerPhone":"","_OrganizerWebsite":"","_VenueAddress":"","_VenueCity":"","_VenueCountry":"","_VenueProvince":"","_VenueState":"","_VenueZip":"","_VenuePhone":"","_VenueURL":"","_VenueStateProvince":"","_VenueLat":"","_VenueLng":"","_VenueShowMap":false,"_VenueShowMapLink":false,"footnotes":""},"class_list":["post-1359","page","type-page","status-publish","hentry"],"_links":{"self":[{"href":"https:\/\/andrespohjala.com\/en\/wp-json\/wp\/v2\/pages\/1359","targetHints":{"allow":["GET"]}}],"collection":[{"href":"https:\/\/andrespohjala.com\/en\/wp-json\/wp\/v2\/pages"}],"about":[{"href":"https:\/\/andrespohjala.com\/en\/wp-json\/wp\/v2\/types\/page"}],"author":[{"embeddable":true,"href":"https:\/\/andrespohjala.com\/en\/wp-json\/wp\/v2\/users\/1"}],"replies":[{"embeddable":true,"href":"https:\/\/andrespohjala.com\/en\/wp-json\/wp\/v2\/comments?post=1359"}],"version-history":[{"count":12,"href":"https:\/\/andrespohjala.com\/en\/wp-json\/wp\/v2\/pages\/1359\/revisions"}],"predecessor-version":[{"id":3488,"href":"https:\/\/andrespohjala.com\/en\/wp-json\/wp\/v2\/pages\/1359\/revisions\/3488"}],"up":[{"embeddable":true,"href":"https:\/\/andrespohjala.com\/en\/wp-json\/wp\/v2\/pages\/16"}],"wp:attachment":[{"href":"https:\/\/andrespohjala.com\/en\/wp-json\/wp\/v2\/media?parent=1359"}],"curies":[{"name":"wp","href":"https:\/\/api.w.org\/{rel}","templated":true}]}}